{"id":957,"date":"2026-04-03T05:54:26","date_gmt":"2026-04-03T05:54:26","guid":{"rendered":"https:\/\/motor.2move-2wheel.com\/privacy-policy\/"},"modified":"2026-05-04T09:14:34","modified_gmt":"2026-05-04T09:14:34","slug":"politique-de-confidentialite","status":"publish","type":"page","link":"https:\/\/motor.2move-2wheel.com\/fr\/politique-de-confidentialite\/","title":{"rendered":"Politique de confidentialit\u00e9"},"content":{"rendered":"<p>[et_pb_section fb_built=\u00a0\u00bb1&Prime; custom_padding_last_edited=\u00a0\u00bbon|phone\u00a0\u00bb _builder_version=\u00a0\u00bb4.27.6&Prime; _module_preset=\u00a0\u00bbdefault\u00a0\u00bb custom_padding_tablet=\u00a0\u00bb\u00a0\u00bb custom_padding_phone=\u00a0\u00bb0px||6%||false|false\u00a0\u00bb bottom_divider_style=\u00a0\u00bbslant\u00a0\u00bb bottom_divider_color=\u00a0\u00bb#ec9f2a\u00a0\u00bb bottom_divider_height=\u00a0\u00bb38px\u00a0\u00bb bottom_divider_flip=\u00a0\u00bbhorizontal\u00a0\u00bb da_disable_devices=\u00a0\u00bboff|off|off\u00a0\u00bb global_colors_info=\u00a0\u00bb{}\u00a0\u00bb da_is_popup=\u00a0\u00bboff\u00a0\u00bb da_exit_intent=\u00a0\u00bboff\u00a0\u00bb da_has_close=\u00a0\u00bbon\u00a0\u00bb da_alt_close=\u00a0\u00bboff\u00a0\u00bb da_dark_close=\u00a0\u00bboff\u00a0\u00bb da_not_modal=\u00a0\u00bbon\u00a0\u00bb da_is_singular=\u00a0\u00bboff\u00a0\u00bb da_with_loader=\u00a0\u00bboff\u00a0\u00bb da_has_shadow=\u00a0\u00bbon\u00a0\u00bb][et_pb_row _builder_version=\u00a0\u00bb4.25.1&Prime; _module_preset=\u00a0\u00bbdefault\u00a0\u00bb global_colors_info=\u00a0\u00bb{}\u00a0\u00bb][et_pb_column type=\u00a0\u00bb4_4&Prime; _builder_version=\u00a0\u00bb4.25.1&Prime; _module_preset=\u00a0\u00bbdefault\u00a0\u00bb global_colors_info=\u00a0\u00bb{}\u00a0\u00bb][et_pb_text _builder_version=\u00a0\u00bb4.27.6&Prime; _module_preset=\u00a0\u00bbdefault\u00a0\u00bb header_font_size=\u00a0\u00bb26px\u00a0\u00bb global_colors_info=\u00a0\u00bb{}\u00a0\u00bb]<\/p>\n<h1>Politique de confidentialit\u00e9<\/h1>\n<p>2Move 2Wheel fournit des pneus pour les v\u00e9los de route, les VTT, les v\u00e9los \u00e9lectriques, les v\u00e9los de ville ordinaires ou plus motoris\u00e9s sous la forme de pneus pour motos, cyclomoteurs ou scooters. Bref, pour tout ce qui roule sur deux roues. 2Move 2Wheel est responsable depuis de nombreuses ann\u00e9es de la distribution et de la vente de pneus de haute qualit\u00e9. 2Move 2Wheel est responsable du traitement des donn\u00e9es \u00e0 caract\u00e8re personnel tel que d\u00e9crit dans la pr\u00e9sente d\u00e9claration de confidentialit\u00e9.<\/p>\n<p>Coordonn\u00e9es:<br \/>\n2Move 2Wheel<br \/>\nNijverheidsweg 50<br \/>\n3771 ME Barneveld<br \/>\nPays-Bas<\/p>\n<p>Web: <a href=\"http:\/\/www.2move-2wheel.com\">www.2move-2wheel.com<\/a><br \/>\nEmail: <a href=\"mailto:2wheel@2-move.com\">2wheel@2-move.com<\/a><br \/>\nKvK: 17040415<\/p>\n<p><strong>Donn\u00e9es personnelles que nous traitons<\/strong><br \/>\n2Move 2Wheel traite vos donn\u00e9es personnelles parce que vous utilisez nos services et\/ou parce que vous nous les fournissez vous-m\u00eame. Vous trouverez ci-dessous un aper\u00e7u des donn\u00e9es personnelles que nous traitons :<\/p>\n<p>Formulaire de contact:<\/p>\n<ul>\n<li>Nom<\/li>\n<li>Nom de l&rsquo;entreprise<\/li>\n<li>Adresse e-mail<\/li>\n<li>Num\u00e9ro de t\u00e9l\u00e9phone<\/li>\n<\/ul>\n<p><strong>Demande de login:<\/strong><\/p>\n<ul>\n<li>Pr\u00e9nom \/ Initiales<\/li>\n<li>Nom de famille<\/li>\n<li>Nom de l&rsquo;entreprise<\/li>\n<li>Adresse<\/li>\n<li>Code postal<\/li>\n<li>Localisation<\/li>\n<li>Pays*<\/li>\n<li>Num\u00e9ro de TVA<\/li>\n<li>Num\u00e9ro de chambre de commerce<\/li>\n<li>Num\u00e9ro de t\u00e9l\u00e9phone<\/li>\n<li>E-mail<\/li>\n<li>Num\u00e9ro de t\u00e9l\u00e9phone mobile<\/li>\n<li>Site web<\/li>\n<\/ul>\n<p>2Move 2Wheel ne peut pas v\u00e9rifier si les donn\u00e9es personnelles saisies correspondent \u00e0 la personne qui les a effectivement remplies. Nous ne pouvons donc pas en \u00eatre tenus pour responsables. \u00c0 votre premi\u00e8re demande, nous effacerons imm\u00e9diatement toutes vos donn\u00e9es.<\/p>\n<p><strong>Donn\u00e9es personnelles sp\u00e9ciales et\/ou sensibles que nous traitons<\/strong><br \/>\nNotre site web et\/ou service n&rsquo;a pas l&rsquo;intention de collecter des donn\u00e9es sur les visiteurs du site web \u00e2g\u00e9s de moins de 16 ans. \u00c0 moins qu&rsquo;ils ne disposent d&rsquo;une autorisation parentale ou d&rsquo;un tuteur. Toutefois, nous ne pouvons pas v\u00e9rifier si un visiteur a plus de 16 ans. Nous conseillons donc aux parents de s&rsquo;impliquer dans les activit\u00e9s en ligne de leurs enfants afin d&rsquo;\u00e9viter de collecter des donn\u00e9es sur les enfants sans leur consentement. Si vous \u00eates convaincu que nous avons collect\u00e9 des donn\u00e9es personnelles sur un mineur sans ce consentement, veuillez nous contacter \u00e0 l&rsquo;adresse 2wheel@2-move.com et nous supprimerons ces informations.<\/p>\n<p><strong>Dans quel but et sur quelle base nous traitons les donn\u00e9es \u00e0 caract\u00e8re personnel<\/strong><br \/>\n2Move 2Wheel traite vos donn\u00e9es personnelles aux fins suivantes :<\/p>\n<ul>\n<li>vous envoyer notre bulletin d&rsquo;information (num\u00e9rique) et\/ou notre brochure publicitaire<\/li>\n<li>vous t\u00e9l\u00e9phoner ou vous envoyer un courrier \u00e9lectronique si cela est n\u00e9cessaire \u00e0 l&rsquo;ex\u00e9cution de nos services.<\/li>\n<li>2Move 2Wheel analyse votre comportement sur le site web afin de l&rsquo;am\u00e9liorer et d&rsquo;adapter les produits et services offerts \u00e0 vos pr\u00e9f\u00e9rences.<\/li>\n<li>si vous r\u00e9pondez \u00e0 une offre d&#8217;emploi<\/li>\n<\/ul>\n<p>A votre premi\u00e8re demande, 2Move 2Wheel effacera imm\u00e9diatement toutes vos donn\u00e9es.<\/p>\n<p><strong>Prise de d\u00e9cision automatis\u00e9e<\/strong><br \/>\nLa soci\u00e9t\u00e9 2Move 2Wheel ne prend pas de d\u00e9cisions sur des questions susceptibles d&rsquo;affecter (de mani\u00e8re significative) les personnes sur la base d&rsquo;un traitement automatis\u00e9. Il s&rsquo;agit de d\u00e9cisions prises par des programmes ou des syst\u00e8mes informatiques, sans l&rsquo;intervention d&rsquo;un \u00eatre humain (par exemple un employ\u00e9 de 2Move 2Wheel).<\/p>\n<p><strong>Dur\u00e9e de conservation des donn\u00e9es personnelles<\/strong><br \/>\n2Move 2Wheel ne conservera pas vos donn\u00e9es \u00e0 caract\u00e8re personnel plus longtemps que ce qui est strictement n\u00e9cessaire pour atteindre les objectifs pour lesquels vos donn\u00e9es ont \u00e9t\u00e9 collect\u00e9es. Nous utilisons les p\u00e9riodes de conservation suivantes pour les (cat\u00e9gories de) donn\u00e9es \u00e0 caract\u00e8re personnel suivantes :<\/p>\n<ul>\n<li>Les donn\u00e9es anonymes, telles que les cookies de suivi, via Google Analytics, pour une dur\u00e9e maximale de 26 mois. Nous supprimons les autres donn\u00e9es que nous collectons (via le formulaire de contact et le formulaire de demande de connexion) sur demande.<\/li>\n<li>Des d\u00e9lais diff\u00e9rents s&rsquo;appliquent aux donn\u00e9es personnelles des candidats \u00e0 l&#8217;emploi. Les donn\u00e9es sont conserv\u00e9es dans les d\u00e9lais l\u00e9gaux.<\/li>\n<\/ul>\n<p><strong>Partage de donn\u00e9es \u00e0 caract\u00e8re personnel avec des tiers<\/strong><br \/>\n2Move 2Wheel ne vendra pas vos donn\u00e9es \u00e0 des tiers et ne les fournira que si elles sont n\u00e9cessaires \u00e0 l&rsquo;ex\u00e9cution de notre contrat avec vous ou au respect d&rsquo;une obligation l\u00e9gale. Nous concluons un accord de sous-traitance avec les entreprises qui traitent vos donn\u00e9es en notre nom afin de garantir le m\u00eame niveau de s\u00e9curit\u00e9 et de confidentialit\u00e9 de vos donn\u00e9es. 2Move 2Wheel reste responsable de ce traitement.<\/p>\n<p><strong>Cookies, ou techniques similaires, que nous utilisons<\/strong><br \/>\n2Move 2Wheel utilise des cookies fonctionnels, analytiques et de suivi. Un cookie est un petit fichier texte qui est stock\u00e9 dans le navigateur de votre ordinateur, tablette ou smartphone lors de votre premi\u00e8re visite sur ce site web. 2Move 2Wheel utilise des cookies ayant une fonctionnalit\u00e9 purement technique. Ceux-ci garantissent que le site web fonctionne correctement et que, par exemple, vos pr\u00e9f\u00e9rences sont m\u00e9moris\u00e9es. Ces cookies sont \u00e9galement utilis\u00e9s pour assurer le bon fonctionnement et l&rsquo;optimisation du site web. Lors de votre premi\u00e8re visite sur notre site web, nous vous avons d\u00e9j\u00e0 inform\u00e9 de l&rsquo;existence de ces cookies et vous avons demand\u00e9 la permission de les placer. Vous pouvez refuser les cookies en param\u00e9trant votre navigateur Internet de mani\u00e8re \u00e0 ce qu&rsquo;il ne stocke plus de cookies. En outre, vous pouvez \u00e9galement supprimer toutes les informations pr\u00e9c\u00e9demment stock\u00e9es via les param\u00e8tres de votre navigateur.<\/p>\n<p>Des cookies sont \u00e9galement install\u00e9s sur ce site par des tiers, en l&rsquo;occurrence Google Analytics.<\/p>\n<p><strong>Visualiser, modifier ou supprimer des donn\u00e9es<\/strong><br \/>\nVous avez le droit d&rsquo;acc\u00e9der \u00e0 vos donn\u00e9es personnelles, de les corriger ou de les supprimer. En outre, vous avez le droit de retirer votre \u00e9ventuel consentement au traitement des donn\u00e9es ou de vous opposer au traitement de vos donn\u00e9es personnelles par 2Move 2Wheel, et vous avez le droit \u00e0 la portabilit\u00e9 des donn\u00e9es. Cela signifie que vous pouvez nous demander d&rsquo;envoyer les donn\u00e9es personnelles que nous d\u00e9tenons sur vous dans un fichier informatique \u00e0 vous-m\u00eame ou \u00e0 une autre organisation que vous aurez d\u00e9sign\u00e9e. Vous pouvez envoyer une demande d&rsquo;inspection, de correction, de suppression, de transfert de vos donn\u00e9es personnelles ou une demande de retrait de votre consentement ou d&rsquo;objection au traitement de vos donn\u00e9es personnelles \u00e0 <a href=\"mailto:2wheel@2-move.com\">2wheel@2-move.com<\/a>. Pour garantir que la demande d&rsquo;inspection est faite par vous, nous vous demandons d&rsquo;envoyer une copie de votre preuve d&rsquo;identit\u00e9 avec la demande. Dans cette copie, noircissez votre photo de passeport, la MRZ (zone de lecture automatique, la bande de chiffres au bas du passeport), le num\u00e9ro de passeport et le num\u00e9ro de service du citoyen (BSN). Ceci afin de prot\u00e9ger votre vie priv\u00e9e. Nous r\u00e9pondrons \u00e0 votre demande d\u00e8s que possible, mais dans un d\u00e9lai de quatre semaines. 2Move 2Wheel souhaite \u00e9galement vous informer que vous avez la possibilit\u00e9 de d\u00e9poser une plainte aupr\u00e8s de l&rsquo;autorit\u00e9 de contr\u00f4le nationale, l&rsquo;Autorit\u00e9 des donn\u00e9es personnelles.<\/p>\n<p><strong>Comment nous s\u00e9curisons les donn\u00e9es personnelles<\/strong><br \/>\n2Move 2Wheel prend au s\u00e9rieux la protection de vos donn\u00e9es et prend des mesures appropri\u00e9es pour emp\u00eacher toute utilisation abusive, perte, acc\u00e8s non autoris\u00e9, divulgation non d\u00e9sir\u00e9e et modification non autoris\u00e9e. Si vous avez l&rsquo;impression que vos donn\u00e9es ne sont pas correctement s\u00e9curis\u00e9es ou qu&rsquo;il existe des indices d&rsquo;utilisation abusive, veuillez nous contacter \u00e0 l&rsquo;adresse <a href=\"mailto:2wheel@2-move.com\">2wheel@2-move.com<\/a>.[\/et_pb_text][\/et_pb_column][\/et_pb_row][\/et_pb_section]<\/p>\n","protected":false},"excerpt":{"rendered":"<p>Politique de confidentialit\u00e9 2Move 2Wheel fournit des pneus pour les v\u00e9los de route, les VTT, les v\u00e9los \u00e9lectriques, les v\u00e9los de ville ordinaires ou plus motoris\u00e9s sous la forme de pneus pour motos, cyclomoteurs ou scooters. Bref, pour tout ce qui roule sur deux roues. 2Move 2Wheel est responsable depuis de nombreuses ann\u00e9es de la [&hellip;]<\/p>\n","protected":false},"author":1,"featured_media":0,"parent":0,"menu_order":0,"comment_status":"closed","ping_status":"closed","template":"","meta":{"_et_pb_use_builder":"on","_et_pb_old_content":"","_et_gb_content_width":"","footnotes":""},"dipi_cpt_category":[],"class_list":["post-957","page","type-page","status-publish","hentry"],"yoast_head":"<!-- This site is optimized with the Yoast SEO plugin v27.5 - https:\/\/yoast.com\/product\/yoast-seo-wordpress\/ -->\n<title>Politique de confidentialit\u00e9 | 2Move 2Wheel<\/title>\n<meta name=\"robots\" content=\"noindex, follow\" \/>\n<meta property=\"og:locale\" content=\"fr_FR\" \/>\n<meta property=\"og:type\" content=\"article\" \/>\n<meta property=\"og:title\" content=\"Politique de confidentialit\u00e9 | 2Move 2Wheel\" \/>\n<meta property=\"og:description\" content=\"Politique de confidentialit\u00e9 2Move 2Wheel fournit des pneus pour les v\u00e9los de route, les VTT, les v\u00e9los \u00e9lectriques, les v\u00e9los de ville ordinaires ou plus motoris\u00e9s sous la forme de pneus pour motos, cyclomoteurs ou scooters. Bref, pour tout ce qui roule sur deux roues. 2Move 2Wheel est responsable depuis de nombreuses ann\u00e9es de la [&hellip;]\" \/>\n<meta property=\"og:url\" content=\"https:\/\/motor.2move-2wheel.com\/fr\/politique-de-confidentialite\/\" \/>\n<meta property=\"og:site_name\" content=\"2Move 2Wheel\" \/>\n<meta property=\"article:modified_time\" content=\"2026-05-04T09:14:34+00:00\" \/>\n<meta name=\"twitter:card\" content=\"summary_large_image\" \/>\n<meta name=\"twitter:label1\" content=\"Dur\u00e9e de lecture estim\u00e9e\" \/>\n\t<meta name=\"twitter:data1\" content=\"5 minutes\" \/>\n<script type=\"application\/ld+json\" class=\"yoast-schema-graph\">{\"@context\":\"https:\\\/\\\/schema.org\",\"@graph\":[{\"@type\":\"WebPage\",\"@id\":\"https:\\\/\\\/motor.2move-2wheel.com\\\/fr\\\/politique-de-confidentialite\\\/\",\"url\":\"https:\\\/\\\/motor.2move-2wheel.com\\\/fr\\\/politique-de-confidentialite\\\/\",\"name\":\"Politique de confidentialit\u00e9 | 2Move 2Wheel\",\"isPartOf\":{\"@id\":\"https:\\\/\\\/motor.2move-2wheel.com\\\/#website\"},\"datePublished\":\"2026-04-03T05:54:26+00:00\",\"dateModified\":\"2026-05-04T09:14:34+00:00\",\"breadcrumb\":{\"@id\":\"https:\\\/\\\/motor.2move-2wheel.com\\\/fr\\\/politique-de-confidentialite\\\/#breadcrumb\"},\"inLanguage\":\"fr-FR\",\"potentialAction\":[{\"@type\":\"ReadAction\",\"target\":[\"https:\\\/\\\/motor.2move-2wheel.com\\\/fr\\\/politique-de-confidentialite\\\/\"]}]},{\"@type\":\"BreadcrumbList\",\"@id\":\"https:\\\/\\\/motor.2move-2wheel.com\\\/fr\\\/politique-de-confidentialite\\\/#breadcrumb\",\"itemListElement\":[{\"@type\":\"ListItem\",\"position\":1,\"name\":\"Home\",\"item\":\"https:\\\/\\\/motor.2move-2wheel.com\\\/fr\\\/\"},{\"@type\":\"ListItem\",\"position\":2,\"name\":\"Politique de confidentialit\u00e9\"}]},{\"@type\":\"WebSite\",\"@id\":\"https:\\\/\\\/motor.2move-2wheel.com\\\/#website\",\"url\":\"https:\\\/\\\/motor.2move-2wheel.com\\\/\",\"name\":\"2Move 2Wheel\",\"description\":\"Alles voor de beste band\",\"potentialAction\":[{\"@type\":\"SearchAction\",\"target\":{\"@type\":\"EntryPoint\",\"urlTemplate\":\"https:\\\/\\\/motor.2move-2wheel.com\\\/?s={search_term_string}\"},\"query-input\":{\"@type\":\"PropertyValueSpecification\",\"valueRequired\":true,\"valueName\":\"search_term_string\"}}],\"inLanguage\":\"fr-FR\"}]}<\/script>\n<!-- \/ Yoast SEO plugin. -->","yoast_head_json":{"title":"Politique de confidentialit\u00e9 | 2Move 2Wheel","robots":{"index":"noindex","follow":"follow"},"og_locale":"fr_FR","og_type":"article","og_title":"Politique de confidentialit\u00e9 | 2Move 2Wheel","og_description":"Politique de confidentialit\u00e9 2Move 2Wheel fournit des pneus pour les v\u00e9los de route, les VTT, les v\u00e9los \u00e9lectriques, les v\u00e9los de ville ordinaires ou plus motoris\u00e9s sous la forme de pneus pour motos, cyclomoteurs ou scooters. Bref, pour tout ce qui roule sur deux roues. 2Move 2Wheel est responsable depuis de nombreuses ann\u00e9es de la [&hellip;]","og_url":"https:\/\/motor.2move-2wheel.com\/fr\/politique-de-confidentialite\/","og_site_name":"2Move 2Wheel","article_modified_time":"2026-05-04T09:14:34+00:00","twitter_card":"summary_large_image","twitter_misc":{"Dur\u00e9e de lecture estim\u00e9e":"5 minutes"},"schema":{"@context":"https:\/\/schema.org","@graph":[{"@type":"WebPage","@id":"https:\/\/motor.2move-2wheel.com\/fr\/politique-de-confidentialite\/","url":"https:\/\/motor.2move-2wheel.com\/fr\/politique-de-confidentialite\/","name":"Politique de confidentialit\u00e9 | 2Move 2Wheel","isPartOf":{"@id":"https:\/\/motor.2move-2wheel.com\/#website"},"datePublished":"2026-04-03T05:54:26+00:00","dateModified":"2026-05-04T09:14:34+00:00","breadcrumb":{"@id":"https:\/\/motor.2move-2wheel.com\/fr\/politique-de-confidentialite\/#breadcrumb"},"inLanguage":"fr-FR","potentialAction":[{"@type":"ReadAction","target":["https:\/\/motor.2move-2wheel.com\/fr\/politique-de-confidentialite\/"]}]},{"@type":"BreadcrumbList","@id":"https:\/\/motor.2move-2wheel.com\/fr\/politique-de-confidentialite\/#breadcrumb","itemListElement":[{"@type":"ListItem","position":1,"name":"Home","item":"https:\/\/motor.2move-2wheel.com\/fr\/"},{"@type":"ListItem","position":2,"name":"Politique de confidentialit\u00e9"}]},{"@type":"WebSite","@id":"https:\/\/motor.2move-2wheel.com\/#website","url":"https:\/\/motor.2move-2wheel.com\/","name":"2Move 2Wheel","description":"Alles voor de beste band","potentialAction":[{"@type":"SearchAction","target":{"@type":"EntryPoint","urlTemplate":"https:\/\/motor.2move-2wheel.com\/?s={search_term_string}"},"query-input":{"@type":"PropertyValueSpecification","valueRequired":true,"valueName":"search_term_string"}}],"inLanguage":"fr-FR"}]}},"_links":{"self":[{"href":"https:\/\/motor.2move-2wheel.com\/fr\/wp-json\/wp\/v2\/pages\/957","targetHints":{"allow":["GET"]}}],"collection":[{"href":"https:\/\/motor.2move-2wheel.com\/fr\/wp-json\/wp\/v2\/pages"}],"about":[{"href":"https:\/\/motor.2move-2wheel.com\/fr\/wp-json\/wp\/v2\/types\/page"}],"author":[{"embeddable":true,"href":"https:\/\/motor.2move-2wheel.com\/fr\/wp-json\/wp\/v2\/users\/1"}],"replies":[{"embeddable":true,"href":"https:\/\/motor.2move-2wheel.com\/fr\/wp-json\/wp\/v2\/comments?post=957"}],"version-history":[{"count":5,"href":"https:\/\/motor.2move-2wheel.com\/fr\/wp-json\/wp\/v2\/pages\/957\/revisions"}],"predecessor-version":[{"id":993,"href":"https:\/\/motor.2move-2wheel.com\/fr\/wp-json\/wp\/v2\/pages\/957\/revisions\/993"}],"wp:attachment":[{"href":"https:\/\/motor.2move-2wheel.com\/fr\/wp-json\/wp\/v2\/media?parent=957"}],"wp:term":[{"taxonomy":"dipi_cpt_category","embeddable":true,"href":"https:\/\/motor.2move-2wheel.com\/fr\/wp-json\/wp\/v2\/dipi_cpt_category?post=957"}],"curies":[{"name":"wp","href":"https:\/\/api.w.org\/{rel}","templated":true}]}}