{"id":961,"date":"2026-04-03T06:01:24","date_gmt":"2026-04-03T06:01:24","guid":{"rendered":"https:\/\/motor.2move-2wheel.com\/registreren\/"},"modified":"2026-05-04T12:41:15","modified_gmt":"2026-05-04T12:41:15","slug":"sinscrire","status":"publish","type":"page","link":"https:\/\/motor.2move-2wheel.com\/fr\/sinscrire\/","title":{"rendered":"S\u2019inscrire"},"content":{"rendered":"<p>[et_pb_section fb_built=\u00a0\u00bb1&Prime; next_background_color=\u00a0\u00bb#ec9f2a\u00a0\u00bb _builder_version=\u00a0\u00bb4.27.6&Prime; _module_preset=\u00a0\u00bbdefault\u00a0\u00bb bottom_divider_style=\u00a0\u00bbslant\u00a0\u00bb bottom_divider_height=\u00a0\u00bb38px\u00a0\u00bb bottom_divider_flip=\u00a0\u00bbvertical\u00a0\u00bb da_disable_devices=\u00a0\u00bboff|off|off\u00a0\u00bb global_colors_info=\u00a0\u00bb{}\u00a0\u00bb da_is_popup=\u00a0\u00bboff\u00a0\u00bb da_exit_intent=\u00a0\u00bboff\u00a0\u00bb da_has_close=\u00a0\u00bbon\u00a0\u00bb da_alt_close=\u00a0\u00bboff\u00a0\u00bb da_dark_close=\u00a0\u00bboff\u00a0\u00bb da_not_modal=\u00a0\u00bbon\u00a0\u00bb da_is_singular=\u00a0\u00bboff\u00a0\u00bb da_with_loader=\u00a0\u00bboff\u00a0\u00bb da_has_shadow=\u00a0\u00bbon\u00a0\u00bb][et_pb_row _builder_version=\u00a0\u00bb4.27.6&Prime; _module_preset=\u00a0\u00bbdefault\u00a0\u00bb max_width=\u00a0\u00bb880px\u00a0\u00bb global_colors_info=\u00a0\u00bb{}\u00a0\u00bb][et_pb_column type=\u00a0\u00bb4_4&Prime; _builder_version=\u00a0\u00bb4.27.6&Prime; _module_preset=\u00a0\u00bbdefault\u00a0\u00bb global_colors_info=\u00a0\u00bb{}\u00a0\u00bb][et_pb_text _builder_version=\u00a0\u00bb4.27.6&Prime; _module_preset=\u00a0\u00bbdefault\u00a0\u00bb global_colors_info=\u00a0\u00bb{}\u00a0\u00bb]<\/p>\n<h1>Acc\u00e8s au portail B2B 2Move 2Wheel<\/h1>\n<p>Laissez vos coordonn\u00e9es et nous vous contacterons dans un d\u00e9lai d\u2019un jour ouvrable afin de discuter des possibilit\u00e9s. Sans engagement et sans obligation.[\/et_pb_text][\/et_pb_column][\/et_pb_row][et_pb_row column_structure=\u00a0\u00bb1_2,1_2&Prime; _builder_version=\u00a0\u00bb4.27.4&Prime; _module_preset=\u00a0\u00bbdefault\u00a0\u00bb max_width=\u00a0\u00bb880px\u00a0\u00bb global_colors_info=\u00a0\u00bb{}\u00a0\u00bb][et_pb_column type=\u00a0\u00bb1_2&Prime; _builder_version=\u00a0\u00bb4.27.4&Prime; _module_preset=\u00a0\u00bbdefault\u00a0\u00bb global_colors_info=\u00a0\u00bb{}\u00a0\u00bb][et_pb_contact_form use_spam_service=\u00a0\u00bbon\u00a0\u00bb recaptcha_list=\u00a0\u00bb2M2W|2M2W-0&Prime; email=\u00a0\u00bbpatrick.snijders@globalautomotivegroup.com\u00a0\u00bb custom_message=\u00a0\u00bbNieuwe lead ontvangen||et_pb_line_break_holder||||et_pb_line_break_holder||Bedrijfsnaam: %%bedrijfsnaam%%||et_pb_line_break_holder||Contact: %%contact%%||et_pb_line_break_holder||Plaats: %%plaats%%||et_pb_line_break_holder||Telefoon: %%telefoon%%||et_pb_line_break_holder||Email: %%email%%||et_pb_line_break_holder||\u00a0\u00bb use_redirect=\u00a0\u00bbon\u00a0\u00bb redirect_url=\u00a0\u00bbhttps:\/\/motor.2move-2wheel.com\/fr\/merci\/\u00a0\u00bb submit_button_text=\u00a0\u00bbDemander l\u2019acc\u00e8s\u00a0\u00bb module_class=\u00a0\u00bbpa-contact-form-submit-fullwidth\u00a0\u00bb _builder_version=\u00a0\u00bb4.27.6&Prime; _module_preset=\u00a0\u00bbdefault\u00a0\u00bb _unique_id=\u00a0\u00bb5505df7f-b671-418a-852a-fb42332ac3e8&Prime; form_field_text_color=\u00a0\u00bb#072f49&Prime; form_field_focus_text_color=\u00a0\u00bb#072f49&Prime; form_field_font_size=\u00a0\u00bb17px\u00a0\u00bb form_field_line_height=\u00a0\u00bb1.8em\u00a0\u00bb custom_button=\u00a0\u00bbon\u00a0\u00bb button_text_size=\u00a0\u00bb20px\u00a0\u00bb button_text_color=\u00a0\u00bb#FFFFFF\u00a0\u00bb button_bg_color=\u00a0\u00bb#7ad03a\u00a0\u00bb button_border_color=\u00a0\u00bb#7ad03a\u00a0\u00bb button_border_radius=\u00a0\u00bb4px\u00a0\u00bb button_letter_spacing=\u00a0\u00bb1px\u00a0\u00bb button_font=\u00a0\u00bbProxima Nova Black||||||||\u00a0\u00bb button_use_icon=\u00a0\u00bboff\u00a0\u00bb button_custom_padding=\u00a0\u00bb8px||8px||true|false\u00a0\u00bb global_colors_info=\u00a0\u00bb{}\u00a0\u00bb button_bg_color__hover_enabled=\u00a0\u00bbon|hover\u00a0\u00bb button_bg_color__hover=\u00a0\u00bb#009e55&Prime; button_bg_enable_color__hover=\u00a0\u00bbon\u00a0\u00bb button_border_color__hover_enabled=\u00a0\u00bbon|hover\u00a0\u00bb button_border_color__hover=\u00a0\u00bb#009e55&Prime;][et_pb_contact_field field_id=\u00a0\u00bbbedrijfsnaam\u00a0\u00bb field_title=\u00a0\u00bbNom de l\u2019entreprise\u00a0\u00bb fullwidth_field=\u00a0\u00bbon\u00a0\u00bb _builder_version=\u00a0\u00bb4.27.6&Prime; global_colors_info=\u00a0\u00bb{}\u00a0\u00bb button_text_size__hover_enabled=\u00a0\u00bboff\u00a0\u00bb button_one_text_size__hover_enabled=\u00a0\u00bboff\u00a0\u00bb button_two_text_size__hover_enabled=\u00a0\u00bboff\u00a0\u00bb button_text_color__hover_enabled=\u00a0\u00bboff\u00a0\u00bb button_one_text_color__hover_enabled=\u00a0\u00bboff\u00a0\u00bb button_two_text_color__hover_enabled=\u00a0\u00bboff\u00a0\u00bb button_border_width__hover_enabled=\u00a0\u00bboff\u00a0\u00bb button_one_border_width__hover_enabled=\u00a0\u00bboff\u00a0\u00bb button_two_border_width__hover_enabled=\u00a0\u00bboff\u00a0\u00bb button_border_color__hover_enabled=\u00a0\u00bboff\u00a0\u00bb button_one_border_color__hover_enabled=\u00a0\u00bboff\u00a0\u00bb button_two_border_color__hover_enabled=\u00a0\u00bboff\u00a0\u00bb button_border_radius__hover_enabled=\u00a0\u00bboff\u00a0\u00bb button_one_border_radius__hover_enabled=\u00a0\u00bboff\u00a0\u00bb button_two_border_radius__hover_enabled=\u00a0\u00bboff\u00a0\u00bb button_letter_spacing__hover_enabled=\u00a0\u00bboff\u00a0\u00bb button_one_letter_spacing__hover_enabled=\u00a0\u00bboff\u00a0\u00bb button_two_letter_spacing__hover_enabled=\u00a0\u00bboff\u00a0\u00bb button_bg_color__hover_enabled=\u00a0\u00bboff\u00a0\u00bb button_one_bg_color__hover_enabled=\u00a0\u00bboff\u00a0\u00bb button_two_bg_color__hover_enabled=\u00a0\u00bboff\u00a0\u00bb][\/et_pb_contact_field][et_pb_contact_field field_id=\u00a0\u00bbcontact\u00a0\u00bb field_title=\u00a0\u00bbPersonne de contact\u00a0\u00bb fullwidth_field=\u00a0\u00bbon\u00a0\u00bb _builder_version=\u00a0\u00bb4.27.6&Prime; global_colors_info=\u00a0\u00bb{}\u00a0\u00bb button_text_size__hover_enabled=\u00a0\u00bboff\u00a0\u00bb button_one_text_size__hover_enabled=\u00a0\u00bboff\u00a0\u00bb button_two_text_size__hover_enabled=\u00a0\u00bboff\u00a0\u00bb button_text_color__hover_enabled=\u00a0\u00bboff\u00a0\u00bb button_one_text_color__hover_enabled=\u00a0\u00bboff\u00a0\u00bb button_two_text_color__hover_enabled=\u00a0\u00bboff\u00a0\u00bb button_border_width__hover_enabled=\u00a0\u00bboff\u00a0\u00bb button_one_border_width__hover_enabled=\u00a0\u00bboff\u00a0\u00bb button_two_border_width__hover_enabled=\u00a0\u00bboff\u00a0\u00bb button_border_color__hover_enabled=\u00a0\u00bboff\u00a0\u00bb button_one_border_color__hover_enabled=\u00a0\u00bboff\u00a0\u00bb button_two_border_color__hover_enabled=\u00a0\u00bboff\u00a0\u00bb button_border_radius__hover_enabled=\u00a0\u00bboff\u00a0\u00bb button_one_border_radius__hover_enabled=\u00a0\u00bboff\u00a0\u00bb button_two_border_radius__hover_enabled=\u00a0\u00bboff\u00a0\u00bb button_letter_spacing__hover_enabled=\u00a0\u00bboff\u00a0\u00bb button_one_letter_spacing__hover_enabled=\u00a0\u00bboff\u00a0\u00bb button_two_letter_spacing__hover_enabled=\u00a0\u00bboff\u00a0\u00bb button_bg_color__hover_enabled=\u00a0\u00bboff\u00a0\u00bb button_one_bg_color__hover_enabled=\u00a0\u00bboff\u00a0\u00bb button_two_bg_color__hover_enabled=\u00a0\u00bboff\u00a0\u00bb][\/et_pb_contact_field][et_pb_contact_field field_id=\u00a0\u00bbplaats\u00a0\u00bb field_title=\u00a0\u00bbVille\u00a0\u00bb fullwidth_field=\u00a0\u00bbon\u00a0\u00bb _builder_version=\u00a0\u00bb4.27.6&Prime; global_colors_info=\u00a0\u00bb{}\u00a0\u00bb button_text_size__hover_enabled=\u00a0\u00bboff\u00a0\u00bb button_one_text_size__hover_enabled=\u00a0\u00bboff\u00a0\u00bb button_two_text_size__hover_enabled=\u00a0\u00bboff\u00a0\u00bb button_text_color__hover_enabled=\u00a0\u00bboff\u00a0\u00bb button_one_text_color__hover_enabled=\u00a0\u00bboff\u00a0\u00bb button_two_text_color__hover_enabled=\u00a0\u00bboff\u00a0\u00bb button_border_width__hover_enabled=\u00a0\u00bboff\u00a0\u00bb button_one_border_width__hover_enabled=\u00a0\u00bboff\u00a0\u00bb button_two_border_width__hover_enabled=\u00a0\u00bboff\u00a0\u00bb button_border_color__hover_enabled=\u00a0\u00bboff\u00a0\u00bb button_one_border_color__hover_enabled=\u00a0\u00bboff\u00a0\u00bb button_two_border_color__hover_enabled=\u00a0\u00bboff\u00a0\u00bb button_border_radius__hover_enabled=\u00a0\u00bboff\u00a0\u00bb button_one_border_radius__hover_enabled=\u00a0\u00bboff\u00a0\u00bb button_two_border_radius__hover_enabled=\u00a0\u00bboff\u00a0\u00bb button_letter_spacing__hover_enabled=\u00a0\u00bboff\u00a0\u00bb button_one_letter_spacing__hover_enabled=\u00a0\u00bboff\u00a0\u00bb button_two_letter_spacing__hover_enabled=\u00a0\u00bboff\u00a0\u00bb button_bg_color__hover_enabled=\u00a0\u00bboff\u00a0\u00bb button_one_bg_color__hover_enabled=\u00a0\u00bboff\u00a0\u00bb button_two_bg_color__hover_enabled=\u00a0\u00bboff\u00a0\u00bb][\/et_pb_contact_field][et_pb_contact_field field_id=\u00a0\u00bbtelefoon\u00a0\u00bb field_title=\u00a0\u00bbT\u00e9l\u00e9phone\u00a0\u00bb fullwidth_field=\u00a0\u00bbon\u00a0\u00bb _builder_version=\u00a0\u00bb4.27.6&Prime; global_colors_info=\u00a0\u00bb{}\u00a0\u00bb button_text_size__hover_enabled=\u00a0\u00bboff\u00a0\u00bb button_one_text_size__hover_enabled=\u00a0\u00bboff\u00a0\u00bb button_two_text_size__hover_enabled=\u00a0\u00bboff\u00a0\u00bb button_text_color__hover_enabled=\u00a0\u00bboff\u00a0\u00bb button_one_text_color__hover_enabled=\u00a0\u00bboff\u00a0\u00bb button_two_text_color__hover_enabled=\u00a0\u00bboff\u00a0\u00bb button_border_width__hover_enabled=\u00a0\u00bboff\u00a0\u00bb button_one_border_width__hover_enabled=\u00a0\u00bboff\u00a0\u00bb button_two_border_width__hover_enabled=\u00a0\u00bboff\u00a0\u00bb button_border_color__hover_enabled=\u00a0\u00bboff\u00a0\u00bb button_one_border_color__hover_enabled=\u00a0\u00bboff\u00a0\u00bb button_two_border_color__hover_enabled=\u00a0\u00bboff\u00a0\u00bb button_border_radius__hover_enabled=\u00a0\u00bboff\u00a0\u00bb button_one_border_radius__hover_enabled=\u00a0\u00bboff\u00a0\u00bb button_two_border_radius__hover_enabled=\u00a0\u00bboff\u00a0\u00bb button_letter_spacing__hover_enabled=\u00a0\u00bboff\u00a0\u00bb button_one_letter_spacing__hover_enabled=\u00a0\u00bboff\u00a0\u00bb button_two_letter_spacing__hover_enabled=\u00a0\u00bboff\u00a0\u00bb button_bg_color__hover_enabled=\u00a0\u00bboff\u00a0\u00bb button_one_bg_color__hover_enabled=\u00a0\u00bboff\u00a0\u00bb button_two_bg_color__hover_enabled=\u00a0\u00bboff\u00a0\u00bb][\/et_pb_contact_field][et_pb_contact_field field_id=\u00a0\u00bbEmail\u00a0\u00bb field_title=\u00a0\u00bbE-mail\u00a0\u00bb field_type=\u00a0\u00bbemail\u00a0\u00bb fullwidth_field=\u00a0\u00bbon\u00a0\u00bb _builder_version=\u00a0\u00bb4.27.6&Prime; global_colors_info=\u00a0\u00bb{}\u00a0\u00bb button_text_size__hover_enabled=\u00a0\u00bboff\u00a0\u00bb button_one_text_size__hover_enabled=\u00a0\u00bboff\u00a0\u00bb button_two_text_size__hover_enabled=\u00a0\u00bboff\u00a0\u00bb button_text_color__hover_enabled=\u00a0\u00bboff\u00a0\u00bb button_one_text_color__hover_enabled=\u00a0\u00bboff\u00a0\u00bb button_two_text_color__hover_enabled=\u00a0\u00bboff\u00a0\u00bb button_border_width__hover_enabled=\u00a0\u00bboff\u00a0\u00bb button_one_border_width__hover_enabled=\u00a0\u00bboff\u00a0\u00bb button_two_border_width__hover_enabled=\u00a0\u00bboff\u00a0\u00bb button_border_color__hover_enabled=\u00a0\u00bboff\u00a0\u00bb button_one_border_color__hover_enabled=\u00a0\u00bboff\u00a0\u00bb button_two_border_color__hover_enabled=\u00a0\u00bboff\u00a0\u00bb button_border_radius__hover_enabled=\u00a0\u00bboff\u00a0\u00bb button_one_border_radius__hover_enabled=\u00a0\u00bboff\u00a0\u00bb button_two_border_radius__hover_enabled=\u00a0\u00bboff\u00a0\u00bb button_letter_spacing__hover_enabled=\u00a0\u00bboff\u00a0\u00bb button_one_letter_spacing__hover_enabled=\u00a0\u00bboff\u00a0\u00bb button_two_letter_spacing__hover_enabled=\u00a0\u00bboff\u00a0\u00bb button_bg_color__hover_enabled=\u00a0\u00bboff\u00a0\u00bb button_one_bg_color__hover_enabled=\u00a0\u00bboff\u00a0\u00bb button_two_bg_color__hover_enabled=\u00a0\u00bboff\u00a0\u00bb][\/et_pb_contact_field][\/et_pb_contact_form][\/et_pb_column][et_pb_column type=\u00a0\u00bb1_2&Prime; _builder_version=\u00a0\u00bb4.27.4&Prime; _module_preset=\u00a0\u00bbdefault\u00a0\u00bb global_colors_info=\u00a0\u00bb{}\u00a0\u00bb][et_pb_blurb title=\u00a0\u00bbDirectement disponible\u00a0\u00bb use_icon=\u00a0\u00bbon\u00a0\u00bb font_icon=\u00a0\u00bb&#xf14a;||fa||900&Prime; icon_color=\u00a0\u00bb#7ad03a\u00a0\u00bb icon_placement=\u00a0\u00bbleft\u00a0\u00bb image_icon_width=\u00a0\u00bb20px\u00a0\u00bb _builder_version=\u00a0\u00bb4.27.6&Prime; _module_preset=\u00a0\u00bbdefault\u00a0\u00bb header_level=\u00a0\u00bbh2&Prime; header_font=\u00a0\u00bb||||||||\u00a0\u00bb header_text_color=\u00a0\u00bb#042841&Prime; header_font_size=\u00a0\u00bb22px\u00a0\u00bb body_text_color=\u00a0\u00bb#042841&Prime; body_line_height=\u00a0\u00bb1.4em\u00a0\u00bb animation=\u00a0\u00bboff\u00a0\u00bb global_colors_info=\u00a0\u00bb{}\u00a0\u00bb]Toujours le bon pneu, directement disponible.[\/et_pb_blurb][et_pb_blurb title=\u00a0\u00bbLivraison rapide\u00a0\u00bb use_icon=\u00a0\u00bbon\u00a0\u00bb font_icon=\u00a0\u00bb&#xf14a;||fa||900&Prime; icon_color=\u00a0\u00bb#7ad03a\u00a0\u00bb icon_placement=\u00a0\u00bbleft\u00a0\u00bb image_icon_width=\u00a0\u00bb20px\u00a0\u00bb _builder_version=\u00a0\u00bb4.27.6&Prime; _module_preset=\u00a0\u00bbdefault\u00a0\u00bb header_level=\u00a0\u00bbh2&Prime; header_font=\u00a0\u00bb||||||||\u00a0\u00bb header_text_color=\u00a0\u00bb#042841&Prime; header_font_size=\u00a0\u00bb22px\u00a0\u00bb body_text_color=\u00a0\u00bb#042841&Prime; body_line_height=\u00a0\u00bb1.4em\u00a0\u00bb animation=\u00a0\u00bboff\u00a0\u00bb global_colors_info=\u00a0\u00bb{}\u00a0\u00bb]Command\u00e9 aujourd\u2019hui, livr\u00e9 demain avant 11h.[\/et_pb_blurb][et_pb_blurb title=\u00a0\u00bbMarques premium et budget\u00a0\u00bb use_icon=\u00a0\u00bbon\u00a0\u00bb font_icon=\u00a0\u00bb&#xf14a;||fa||900&Prime; icon_color=\u00a0\u00bb#7ad03a\u00a0\u00bb icon_placement=\u00a0\u00bbleft\u00a0\u00bb image_icon_width=\u00a0\u00bb20px\u00a0\u00bb _builder_version=\u00a0\u00bb4.27.6&Prime; _module_preset=\u00a0\u00bbdefault\u00a0\u00bb header_level=\u00a0\u00bbh2&Prime; header_font=\u00a0\u00bb||||||||\u00a0\u00bb header_text_color=\u00a0\u00bb#042841&Prime; header_font_size=\u00a0\u00bb22px\u00a0\u00bb body_text_color=\u00a0\u00bb#042841&Prime; body_line_height=\u00a0\u00bb1em\u00a0\u00bb animation=\u00a0\u00bboff\u00a0\u00bb global_colors_info=\u00a0\u00bb{}\u00a0\u00bb]Le pneu adapt\u00e9 \u00e0 chaque utilisation.[\/et_pb_blurb][\/et_pb_column][\/et_pb_row][\/et_pb_section]<\/p>\n","protected":false},"excerpt":{"rendered":"<p>Acc\u00e8s au portail B2B 2Move 2Wheel Laissez vos coordonn\u00e9es et nous vous contacterons dans un d\u00e9lai d\u2019un jour ouvrable afin de discuter des possibilit\u00e9s. Sans engagement et sans obligation.Toujours le bon pneu, directement disponible.Command\u00e9 aujourd\u2019hui, livr\u00e9 demain avant 11h.Le pneu adapt\u00e9 \u00e0 chaque utilisation.<\/p>\n","protected":false},"author":1,"featured_media":0,"parent":0,"menu_order":0,"comment_status":"closed","ping_status":"closed","template":"","meta":{"_et_pb_use_builder":"on","_et_pb_old_content":"","_et_gb_content_width":"","footnotes":""},"dipi_cpt_category":[],"class_list":["post-961","page","type-page","status-publish","hentry"],"yoast_head":"<!-- This site is optimized with the Yoast SEO plugin v27.5 - https:\/\/yoast.com\/product\/yoast-seo-wordpress\/ -->\n<title>S\u2019inscrire | 2Move 2Wheel<\/title>\n<meta name=\"robots\" content=\"noindex, follow\" \/>\n<meta property=\"og:locale\" content=\"fr_FR\" \/>\n<meta property=\"og:type\" content=\"article\" \/>\n<meta property=\"og:title\" content=\"S\u2019inscrire | 2Move 2Wheel\" \/>\n<meta property=\"og:description\" content=\"Acc\u00e8s au portail B2B 2Move 2Wheel Laissez vos coordonn\u00e9es et nous vous contacterons dans un d\u00e9lai d\u2019un jour ouvrable afin de discuter des possibilit\u00e9s. Sans engagement et sans obligation.Toujours le bon pneu, directement disponible.Command\u00e9 aujourd\u2019hui, livr\u00e9 demain avant 11h.Le pneu adapt\u00e9 \u00e0 chaque utilisation.\" \/>\n<meta property=\"og:url\" content=\"https:\/\/motor.2move-2wheel.com\/fr\/sinscrire\/\" \/>\n<meta property=\"og:site_name\" content=\"2Move 2Wheel\" \/>\n<meta property=\"article:modified_time\" content=\"2026-05-04T12:41:15+00:00\" \/>\n<meta name=\"twitter:card\" content=\"summary_large_image\" \/>\n<meta name=\"twitter:label1\" content=\"Dur\u00e9e de lecture estim\u00e9e\" \/>\n\t<meta name=\"twitter:data1\" content=\"1 minute\" \/>\n<script type=\"application\/ld+json\" class=\"yoast-schema-graph\">{\"@context\":\"https:\\\/\\\/schema.org\",\"@graph\":[{\"@type\":\"WebPage\",\"@id\":\"https:\\\/\\\/motor.2move-2wheel.com\\\/fr\\\/sinscrire\\\/\",\"url\":\"https:\\\/\\\/motor.2move-2wheel.com\\\/fr\\\/sinscrire\\\/\",\"name\":\"S\u2019inscrire | 2Move 2Wheel\",\"isPartOf\":{\"@id\":\"https:\\\/\\\/motor.2move-2wheel.com\\\/#website\"},\"datePublished\":\"2026-04-03T06:01:24+00:00\",\"dateModified\":\"2026-05-04T12:41:15+00:00\",\"breadcrumb\":{\"@id\":\"https:\\\/\\\/motor.2move-2wheel.com\\\/fr\\\/sinscrire\\\/#breadcrumb\"},\"inLanguage\":\"fr-FR\",\"potentialAction\":[{\"@type\":\"ReadAction\",\"target\":[\"https:\\\/\\\/motor.2move-2wheel.com\\\/fr\\\/sinscrire\\\/\"]}]},{\"@type\":\"BreadcrumbList\",\"@id\":\"https:\\\/\\\/motor.2move-2wheel.com\\\/fr\\\/sinscrire\\\/#breadcrumb\",\"itemListElement\":[{\"@type\":\"ListItem\",\"position\":1,\"name\":\"Home\",\"item\":\"https:\\\/\\\/motor.2move-2wheel.com\\\/fr\\\/\"},{\"@type\":\"ListItem\",\"position\":2,\"name\":\"S\u2019inscrire\"}]},{\"@type\":\"WebSite\",\"@id\":\"https:\\\/\\\/motor.2move-2wheel.com\\\/#website\",\"url\":\"https:\\\/\\\/motor.2move-2wheel.com\\\/\",\"name\":\"2Move 2Wheel\",\"description\":\"Alles voor de beste band\",\"potentialAction\":[{\"@type\":\"SearchAction\",\"target\":{\"@type\":\"EntryPoint\",\"urlTemplate\":\"https:\\\/\\\/motor.2move-2wheel.com\\\/?s={search_term_string}\"},\"query-input\":{\"@type\":\"PropertyValueSpecification\",\"valueRequired\":true,\"valueName\":\"search_term_string\"}}],\"inLanguage\":\"fr-FR\"}]}<\/script>\n<!-- \/ Yoast SEO plugin. -->","yoast_head_json":{"title":"S\u2019inscrire | 2Move 2Wheel","robots":{"index":"noindex","follow":"follow"},"og_locale":"fr_FR","og_type":"article","og_title":"S\u2019inscrire | 2Move 2Wheel","og_description":"Acc\u00e8s au portail B2B 2Move 2Wheel Laissez vos coordonn\u00e9es et nous vous contacterons dans un d\u00e9lai d\u2019un jour ouvrable afin de discuter des possibilit\u00e9s. Sans engagement et sans obligation.Toujours le bon pneu, directement disponible.Command\u00e9 aujourd\u2019hui, livr\u00e9 demain avant 11h.Le pneu adapt\u00e9 \u00e0 chaque utilisation.","og_url":"https:\/\/motor.2move-2wheel.com\/fr\/sinscrire\/","og_site_name":"2Move 2Wheel","article_modified_time":"2026-05-04T12:41:15+00:00","twitter_card":"summary_large_image","twitter_misc":{"Dur\u00e9e de lecture estim\u00e9e":"1 minute"},"schema":{"@context":"https:\/\/schema.org","@graph":[{"@type":"WebPage","@id":"https:\/\/motor.2move-2wheel.com\/fr\/sinscrire\/","url":"https:\/\/motor.2move-2wheel.com\/fr\/sinscrire\/","name":"S\u2019inscrire | 2Move 2Wheel","isPartOf":{"@id":"https:\/\/motor.2move-2wheel.com\/#website"},"datePublished":"2026-04-03T06:01:24+00:00","dateModified":"2026-05-04T12:41:15+00:00","breadcrumb":{"@id":"https:\/\/motor.2move-2wheel.com\/fr\/sinscrire\/#breadcrumb"},"inLanguage":"fr-FR","potentialAction":[{"@type":"ReadAction","target":["https:\/\/motor.2move-2wheel.com\/fr\/sinscrire\/"]}]},{"@type":"BreadcrumbList","@id":"https:\/\/motor.2move-2wheel.com\/fr\/sinscrire\/#breadcrumb","itemListElement":[{"@type":"ListItem","position":1,"name":"Home","item":"https:\/\/motor.2move-2wheel.com\/fr\/"},{"@type":"ListItem","position":2,"name":"S\u2019inscrire"}]},{"@type":"WebSite","@id":"https:\/\/motor.2move-2wheel.com\/#website","url":"https:\/\/motor.2move-2wheel.com\/","name":"2Move 2Wheel","description":"Alles voor de beste band","potentialAction":[{"@type":"SearchAction","target":{"@type":"EntryPoint","urlTemplate":"https:\/\/motor.2move-2wheel.com\/?s={search_term_string}"},"query-input":{"@type":"PropertyValueSpecification","valueRequired":true,"valueName":"search_term_string"}}],"inLanguage":"fr-FR"}]}},"_links":{"self":[{"href":"https:\/\/motor.2move-2wheel.com\/fr\/wp-json\/wp\/v2\/pages\/961","targetHints":{"allow":["GET"]}}],"collection":[{"href":"https:\/\/motor.2move-2wheel.com\/fr\/wp-json\/wp\/v2\/pages"}],"about":[{"href":"https:\/\/motor.2move-2wheel.com\/fr\/wp-json\/wp\/v2\/types\/page"}],"author":[{"embeddable":true,"href":"https:\/\/motor.2move-2wheel.com\/fr\/wp-json\/wp\/v2\/users\/1"}],"replies":[{"embeddable":true,"href":"https:\/\/motor.2move-2wheel.com\/fr\/wp-json\/wp\/v2\/comments?post=961"}],"version-history":[{"count":7,"href":"https:\/\/motor.2move-2wheel.com\/fr\/wp-json\/wp\/v2\/pages\/961\/revisions"}],"predecessor-version":[{"id":1181,"href":"https:\/\/motor.2move-2wheel.com\/fr\/wp-json\/wp\/v2\/pages\/961\/revisions\/1181"}],"wp:attachment":[{"href":"https:\/\/motor.2move-2wheel.com\/fr\/wp-json\/wp\/v2\/media?parent=961"}],"wp:term":[{"taxonomy":"dipi_cpt_category","embeddable":true,"href":"https:\/\/motor.2move-2wheel.com\/fr\/wp-json\/wp\/v2\/dipi_cpt_category?post=961"}],"curies":[{"name":"wp","href":"https:\/\/api.w.org\/{rel}","templated":true}]}}